{"id":2,"date":"2020-10-01T23:59:18","date_gmt":"2020-10-01T23:59:18","guid":{"rendered":"https:\/\/dyatrans.com\/?page_id=2"},"modified":"2021-03-30T18:49:36","modified_gmt":"2021-03-30T18:49:36","slug":"sample-page","status":"publish","type":"page","link":"https:\/\/dyatrans.com\/?page_id=2","title":{"rendered":"QUIENES SOMOS"},"content":{"rendered":"\t\t<div data-elementor-type=\"wp-page\" data-elementor-id=\"2\" class=\"elementor elementor-2\" data-elementor-settings=\"[]\">\n\t\t\t\t\t\t<div class=\"elementor-inner\">\n\t\t\t\t\t\t\t<div class=\"elementor-section-wrap\">\n\t\t\t\t\t\t\t<section class=\"elementor-section elementor-top-section elementor-element elementor-element-e734bf1 elementor-section-boxed elementor-section-height-default elementor-section-height-default\" data-id=\"e734bf1\" data-element_type=\"section\">\n\t\t\t\t\t\t<div class=\"elementor-container elementor-column-gap-default\">\n\t\t\t\t\t\t\t<div class=\"elementor-row\">\n\t\t\t\t\t<div class=\"elementor-column elementor-col-100 elementor-top-column elementor-element elementor-element-7a7013f\" data-id=\"7a7013f\" data-element_type=\"column\">\n\t\t\t<div class=\"elementor-column-wrap elementor-element-populated\">\n\t\t\t\t\t\t\t<div class=\"elementor-widget-wrap\">\n\t\t\t\t\t\t<div class=\"elementor-element elementor-element-0accfe0 elementor-widget elementor-widget-image\" data-id=\"0accfe0\" data-element_type=\"widget\" data-widget_type=\"image.default\">\n\t\t\t\t<div class=\"elementor-widget-container\">\n\t\t\t\t\t<div class=\"elementor-image\">\n\t\t\t\t\t\t\t\t\t\t<img loading=\"lazy\" decoding=\"async\" width=\"240\" height=\"100\" src=\"https:\/\/dyatrans.com\/wp-content\/uploads\/2020\/10\/cropped-logo-dyatrans-copy.jpg\" class=\"attachment-large size-large\" alt=\"\" \/>\t\t\t\t\t\t\t\t\t\t\t<\/div>\n\t\t\t\t<\/div>\n\t\t\t\t<\/div>\n\t\t\t\t\t\t<\/div>\n\t\t\t\t\t<\/div>\n\t\t<\/div>\n\t\t\t\t\t\t\t\t<\/div>\n\t\t\t\t\t<\/div>\n\t\t<\/section>\n\t\t\t\t<section class=\"elementor-section elementor-top-section elementor-element elementor-element-f823090 elementor-section-boxed elementor-section-height-default elementor-section-height-default\" data-id=\"f823090\" data-element_type=\"section\">\n\t\t\t\t\t\t<div class=\"elementor-container elementor-column-gap-default\">\n\t\t\t\t\t\t\t<div class=\"elementor-row\">\n\t\t\t\t\t<div class=\"elementor-column elementor-col-100 elementor-top-column elementor-element elementor-element-1aeb8e0\" data-id=\"1aeb8e0\" data-element_type=\"column\">\n\t\t\t<div class=\"elementor-column-wrap elementor-element-populated\">\n\t\t\t\t\t\t\t<div class=\"elementor-widget-wrap\">\n\t\t\t\t\t\t<div class=\"elementor-element elementor-element-41dd6e4 elementor-widget__width-initial elementor-widget elementor-widget-text-editor\" data-id=\"41dd6e4\" data-element_type=\"widget\" data-widget_type=\"text-editor.default\">\n\t\t\t\t<div class=\"elementor-widget-container\">\n\t\t\t\t\t<div class=\"elementor-text-editor elementor-clearfix\"><h2 style=\"text-align: center;\"><span style=\"color: #003366;\">QUIENES SOMOS<\/span><\/h2><\/div>\n\t\t\t\t<\/div>\n\t\t\t\t<\/div>\n\t\t\t\t\t\t<\/div>\n\t\t\t\t\t<\/div>\n\t\t<\/div>\n\t\t\t\t\t\t\t\t<\/div>\n\t\t\t\t\t<\/div>\n\t\t<\/section>\n\t\t\t\t<section class=\"elementor-section elementor-top-section elementor-element elementor-element-1f4cddf6 elementor-section-boxed elementor-section-height-default elementor-section-height-default\" data-id=\"1f4cddf6\" data-element_type=\"section\">\n\t\t\t\t\t\t<div class=\"elementor-container elementor-column-gap-default\">\n\t\t\t\t\t\t\t<div class=\"elementor-row\">\n\t\t\t\t\t<div class=\"elementor-column elementor-col-100 elementor-top-column elementor-element elementor-element-50e73592\" data-id=\"50e73592\" data-element_type=\"column\">\n\t\t\t<div class=\"elementor-column-wrap elementor-element-populated\">\n\t\t\t\t\t\t\t<div class=\"elementor-widget-wrap\">\n\t\t\t\t\t\t<div class=\"elementor-element elementor-element-2619c399 elementor-widget elementor-widget-text-editor\" data-id=\"2619c399\" data-element_type=\"widget\" data-widget_type=\"text-editor.default\">\n\t\t\t\t<div class=\"elementor-widget-container\">\n\t\t\t\t\t<div class=\"elementor-text-editor elementor-clearfix\"><!-- wp:paragraph {\"align\":\"center\"} -->\n<p class=\"has-text-align-center\"><span style=\"color: #808080;\"><strong>\u00a0Nuestra experiencia de m\u00e1s de 35 a\u00f1os en el sector Log\u00edstico\/Aduanero , avala nuestra filosof\u00eda de trabajo. Colaboramos estrechamente con todos nuestros clientes para poder ofrecer la mejor soluci\u00f3n a sus necesidades puntuales. Nos adaptamos r\u00e1pidamente a los cambios y somos flexibles en una econom\u00eda cada vez m\u00e1s global. Somos un operador log\u00edstico situado en la ZAL Barcelona, una zona que est\u00e1 en una posici\u00f3n central con respecto a las principales infraestructuras log\u00edsticas de la ciudad de Barcelona.<\/strong><\/span><\/p>\n<!-- \/wp:paragraph --><!-- wp:paragraph -->\n<p>\u00a0<\/p>\n<!-- \/wp:paragraph --><\/div>\n\t\t\t\t<\/div>\n\t\t\t\t<\/div>\n\t\t\t\t\t\t<\/div>\n\t\t\t\t\t<\/div>\n\t\t<\/div>\n\t\t\t\t\t\t\t\t<\/div>\n\t\t\t\t\t<\/div>\n\t\t<\/section>\n\t\t\t\t<section class=\"elementor-section elementor-top-section elementor-element elementor-element-ff9fca9 elementor-section-boxed elementor-section-height-default elementor-section-height-default\" data-id=\"ff9fca9\" data-element_type=\"section\">\n\t\t\t\t\t\t<div class=\"elementor-container elementor-column-gap-default\">\n\t\t\t\t\t\t\t<div class=\"elementor-row\">\n\t\t\t\t\t<div class=\"elementor-column elementor-col-100 elementor-top-column elementor-element elementor-element-9e5eced\" data-id=\"9e5eced\" data-element_type=\"column\">\n\t\t\t<div class=\"elementor-column-wrap elementor-element-populated\">\n\t\t\t\t\t\t\t<div class=\"elementor-widget-wrap\">\n\t\t\t\t\t\t<div class=\"elementor-element elementor-element-520b1f2 elementor-widget elementor-widget-image\" data-id=\"520b1f2\" data-element_type=\"widget\" data-widget_type=\"image.default\">\n\t\t\t\t<div class=\"elementor-widget-container\">\n\t\t\t\t\t<div class=\"elementor-image\">\n\t\t\t\t\t\t\t\t\t\t<img loading=\"lazy\" decoding=\"async\" width=\"768\" height=\"537\" src=\"https:\/\/dyatrans.com\/wp-content\/uploads\/2021\/03\/WhatsApp-Image-2021-03-22-at-19.01.18-2-768x537.jpeg\" class=\"attachment-medium_large size-medium_large\" alt=\"\" srcset=\"https:\/\/dyatrans.com\/wp-content\/uploads\/2021\/03\/WhatsApp-Image-2021-03-22-at-19.01.18-2-768x537.jpeg 768w, https:\/\/dyatrans.com\/wp-content\/uploads\/2021\/03\/WhatsApp-Image-2021-03-22-at-19.01.18-2-300x210.jpeg 300w, https:\/\/dyatrans.com\/wp-content\/uploads\/2021\/03\/WhatsApp-Image-2021-03-22-at-19.01.18-2-86x60.jpeg 86w, https:\/\/dyatrans.com\/wp-content\/uploads\/2021\/03\/WhatsApp-Image-2021-03-22-at-19.01.18-2.jpeg 1024w\" sizes=\"auto, (max-width: 768px) 100vw, 768px\" \/>\t\t\t\t\t\t\t\t\t\t\t<\/div>\n\t\t\t\t<\/div>\n\t\t\t\t<\/div>\n\t\t\t\t\t\t<\/div>\n\t\t\t\t\t<\/div>\n\t\t<\/div>\n\t\t\t\t\t\t\t\t<\/div>\n\t\t\t\t\t<\/div>\n\t\t<\/section>\n\t\t\t\t\t\t<\/div>\n\t\t\t\t\t\t<\/div>\n\t\t\t\t\t<\/div>\n\t\t","protected":false},"excerpt":{"rendered":"<p>QUIENES SOMOS \u00a0Nuestra experiencia de m\u00e1s de 35 a\u00f1os en el sector Log\u00edstico\/Aduanero , avala nuestra filosof\u00eda de trabajo. Colaboramos estrechamente con todos nuestros clientes para poder ofrecer la mejor soluci\u00f3n a sus necesidades puntuales. Nos adaptamos r\u00e1pidamente a los cambios y somos flexibles en una econom\u00eda cada vez m\u00e1s global. Somos un operador log\u00edstico &hellip; <\/p>\n","protected":false},"author":1,"featured_media":397,"parent":370,"menu_order":0,"comment_status":"closed","ping_status":"closed","template":"","meta":{"footnotes":""},"class_list":["post-2","page","type-page","status-publish","has-post-thumbnail","hentry"],"_links":{"self":[{"href":"https:\/\/dyatrans.com\/index.php?rest_route=\/wp\/v2\/pages\/2","targetHints":{"allow":["GET"]}}],"collection":[{"href":"https:\/\/dyatrans.com\/index.php?rest_route=\/wp\/v2\/pages"}],"about":[{"href":"https:\/\/dyatrans.com\/index.php?rest_route=\/wp\/v2\/types\/page"}],"author":[{"embeddable":true,"href":"https:\/\/dyatrans.com\/index.php?rest_route=\/wp\/v2\/users\/1"}],"replies":[{"embeddable":true,"href":"https:\/\/dyatrans.com\/index.php?rest_route=%2Fwp%2Fv2%2Fcomments&post=2"}],"version-history":[{"count":10,"href":"https:\/\/dyatrans.com\/index.php?rest_route=\/wp\/v2\/pages\/2\/revisions"}],"predecessor-version":[{"id":520,"href":"https:\/\/dyatrans.com\/index.php?rest_route=\/wp\/v2\/pages\/2\/revisions\/520"}],"up":[{"embeddable":true,"href":"https:\/\/dyatrans.com\/index.php?rest_route=\/wp\/v2\/pages\/370"}],"wp:featuredmedia":[{"embeddable":true,"href":"https:\/\/dyatrans.com\/index.php?rest_route=\/wp\/v2\/media\/397"}],"wp:attachment":[{"href":"https:\/\/dyatrans.com\/index.php?rest_route=%2Fwp%2Fv2%2Fmedia&parent=2"}],"curies":[{"name":"wp","href":"https:\/\/api.w.org\/{rel}","templated":true}]}}