{"id":8,"date":"2020-10-02T00:23:27","date_gmt":"2020-10-02T00:23:27","guid":{"rendered":"https:\/\/dyatrans.com\/portfolio\/"},"modified":"2021-03-31T15:04:04","modified_gmt":"2021-03-31T15:04:04","slug":"servicios","status":"publish","type":"page","link":"https:\/\/dyatrans.com\/?page_id=8","title":{"rendered":"SERVICIOS"},"content":{"rendered":"\t\t<div data-elementor-type=\"wp-page\" data-elementor-id=\"8\" class=\"elementor elementor-8\" data-elementor-settings=\"[]\">\n\t\t\t\t\t\t<div class=\"elementor-inner\">\n\t\t\t\t\t\t\t<div class=\"elementor-section-wrap\">\n\t\t\t\t\t\t\t<section class=\"elementor-section elementor-top-section elementor-element elementor-element-948ea97 elementor-section-boxed elementor-section-height-default elementor-section-height-default\" data-id=\"948ea97\" data-element_type=\"section\">\n\t\t\t\t\t\t<div class=\"elementor-container elementor-column-gap-default\">\n\t\t\t\t\t\t\t<div class=\"elementor-row\">\n\t\t\t\t\t<div class=\"elementor-column elementor-col-100 elementor-top-column elementor-element elementor-element-ff1a8e6\" data-id=\"ff1a8e6\" data-element_type=\"column\">\n\t\t\t<div class=\"elementor-column-wrap elementor-element-populated\">\n\t\t\t\t\t\t\t<div class=\"elementor-widget-wrap\">\n\t\t\t\t\t\t<div class=\"elementor-element elementor-element-7702963 elementor-widget elementor-widget-image\" data-id=\"7702963\" data-element_type=\"widget\" data-widget_type=\"image.default\">\n\t\t\t\t<div class=\"elementor-widget-container\">\n\t\t\t\t\t<div class=\"elementor-image\">\n\t\t\t\t\t\t\t\t\t\t<img loading=\"lazy\" decoding=\"async\" width=\"240\" height=\"100\" src=\"https:\/\/dyatrans.com\/wp-content\/uploads\/2020\/10\/cropped-logo-dyatrans-copy.jpg\" class=\"attachment-large size-large\" alt=\"\" \/>\t\t\t\t\t\t\t\t\t\t\t<\/div>\n\t\t\t\t<\/div>\n\t\t\t\t<\/div>\n\t\t\t\t\t\t<\/div>\n\t\t\t\t\t<\/div>\n\t\t<\/div>\n\t\t\t\t\t\t\t\t<\/div>\n\t\t\t\t\t<\/div>\n\t\t<\/section>\n\t\t\t\t<section class=\"elementor-section elementor-top-section elementor-element elementor-element-7ac8b6aa elementor-section-boxed elementor-section-height-default elementor-section-height-default\" data-id=\"7ac8b6aa\" data-element_type=\"section\">\n\t\t\t\t\t\t<div class=\"elementor-container elementor-column-gap-default\">\n\t\t\t\t\t\t\t<div class=\"elementor-row\">\n\t\t\t\t\t<div class=\"elementor-column elementor-col-100 elementor-top-column elementor-element elementor-element-df29bfa\" data-id=\"df29bfa\" data-element_type=\"column\">\n\t\t\t<div class=\"elementor-column-wrap elementor-element-populated\">\n\t\t\t\t\t\t\t<div class=\"elementor-widget-wrap\">\n\t\t\t\t\t\t<div class=\"elementor-element elementor-element-9756cce elementor-widget__width-initial elementor-widget elementor-widget-text-editor\" data-id=\"9756cce\" data-element_type=\"widget\" data-widget_type=\"text-editor.default\">\n\t\t\t\t<div class=\"elementor-widget-container\">\n\t\t\t\t\t<div class=\"elementor-text-editor elementor-clearfix\"><h2 style=\"text-align: center;\"><span style=\"color: #003366;\">SERVICIOS<\/span><\/h2><\/div>\n\t\t\t\t<\/div>\n\t\t\t\t<\/div>\n\t\t\t\t\t\t<\/div>\n\t\t\t\t\t<\/div>\n\t\t<\/div>\n\t\t\t\t\t\t\t\t<\/div>\n\t\t\t\t\t<\/div>\n\t\t<\/section>\n\t\t\t\t<section class=\"elementor-section elementor-top-section elementor-element elementor-element-5bf06ce elementor-section-boxed elementor-section-height-default elementor-section-height-default\" data-id=\"5bf06ce\" data-element_type=\"section\">\n\t\t\t\t\t\t<div class=\"elementor-container elementor-column-gap-default\">\n\t\t\t\t\t\t\t<div class=\"elementor-row\">\n\t\t\t\t\t<div class=\"elementor-column elementor-col-100 elementor-top-column elementor-element elementor-element-c8982e5\" data-id=\"c8982e5\" data-element_type=\"column\">\n\t\t\t<div class=\"elementor-column-wrap elementor-element-populated\">\n\t\t\t\t\t\t\t<div class=\"elementor-widget-wrap\">\n\t\t\t\t\t\t<section class=\"elementor-section elementor-inner-section elementor-element elementor-element-d493d88 elementor-section-boxed elementor-section-height-default elementor-section-height-default\" data-id=\"d493d88\" data-element_type=\"section\">\n\t\t\t\t\t\t<div class=\"elementor-container elementor-column-gap-default\">\n\t\t\t\t\t\t\t<div class=\"elementor-row\">\n\t\t\t\t\t<div class=\"elementor-column elementor-col-50 elementor-inner-column elementor-element elementor-element-f2ea03d\" data-id=\"f2ea03d\" data-element_type=\"column\">\n\t\t\t<div class=\"elementor-column-wrap elementor-element-populated\">\n\t\t\t\t\t\t\t<div class=\"elementor-widget-wrap\">\n\t\t\t\t\t\t<div class=\"elementor-element elementor-element-f0cd075 elementor-widget elementor-widget-text-editor\" data-id=\"f0cd075\" data-element_type=\"widget\" data-widget_type=\"text-editor.default\">\n\t\t\t\t<div class=\"elementor-widget-container\">\n\t\t\t\t\t<div class=\"elementor-text-editor elementor-clearfix\"><p style=\"text-align: center;\"><a href=\"https:\/\/dyatrans.com\/servicios\/manipulacion-de-mercancias\/\"><strong>Manipulaci\u00f3n de Mercanc\u00edas<\/strong><\/a><\/p><h6 style=\"text-align: center;\"><em><span style=\"color: #808080;\">Tratamos minuciosamente las cargas y descargas de todo tipo de mercanc\u00eda para su posterior fase log\u00edstica dentro de la cadena de suministro interna de su empresa.<\/span><\/em><\/h6><\/div>\n\t\t\t\t<\/div>\n\t\t\t\t<\/div>\n\t\t\t\t\t\t<\/div>\n\t\t\t\t\t<\/div>\n\t\t<\/div>\n\t\t\t\t<div class=\"elementor-column elementor-col-50 elementor-inner-column elementor-element elementor-element-3e68f43\" data-id=\"3e68f43\" data-element_type=\"column\">\n\t\t\t<div class=\"elementor-column-wrap elementor-element-populated\">\n\t\t\t\t\t\t\t<div class=\"elementor-widget-wrap\">\n\t\t\t\t\t\t<div class=\"elementor-element elementor-element-90bd60b elementor-widget elementor-widget-image\" data-id=\"90bd60b\" data-element_type=\"widget\" data-widget_type=\"image.default\">\n\t\t\t\t<div class=\"elementor-widget-container\">\n\t\t\t\t\t<div class=\"elementor-image\">\n\t\t\t\t\t\t\t\t\t\t<img loading=\"lazy\" decoding=\"async\" width=\"768\" height=\"405\" src=\"https:\/\/dyatrans.com\/wp-content\/uploads\/2021\/03\/EMPRESA-PAGINA-PRINCIPAL-WEB-768x405.png\" class=\"attachment-medium_large size-medium_large\" alt=\"\" srcset=\"https:\/\/dyatrans.com\/wp-content\/uploads\/2021\/03\/EMPRESA-PAGINA-PRINCIPAL-WEB-768x405.png 768w, https:\/\/dyatrans.com\/wp-content\/uploads\/2021\/03\/EMPRESA-PAGINA-PRINCIPAL-WEB-300x158.png 300w, https:\/\/dyatrans.com\/wp-content\/uploads\/2021\/03\/EMPRESA-PAGINA-PRINCIPAL-WEB-114x60.png 114w, https:\/\/dyatrans.com\/wp-content\/uploads\/2021\/03\/EMPRESA-PAGINA-PRINCIPAL-WEB.png 1019w\" sizes=\"auto, (max-width: 768px) 100vw, 768px\" \/>\t\t\t\t\t\t\t\t\t\t\t<\/div>\n\t\t\t\t<\/div>\n\t\t\t\t<\/div>\n\t\t\t\t\t\t<\/div>\n\t\t\t\t\t<\/div>\n\t\t<\/div>\n\t\t\t\t\t\t\t\t<\/div>\n\t\t\t\t\t<\/div>\n\t\t<\/section>\n\t\t\t\t\t\t<\/div>\n\t\t\t\t\t<\/div>\n\t\t<\/div>\n\t\t\t\t\t\t\t\t<\/div>\n\t\t\t\t\t<\/div>\n\t\t<\/section>\n\t\t\t\t<section class=\"elementor-section elementor-top-section elementor-element elementor-element-c36daf8 elementor-section-boxed elementor-section-height-default elementor-section-height-default\" data-id=\"c36daf8\" data-element_type=\"section\">\n\t\t\t\t\t\t<div class=\"elementor-container elementor-column-gap-default\">\n\t\t\t\t\t\t\t<div class=\"elementor-row\">\n\t\t\t\t\t<div class=\"elementor-column elementor-col-100 elementor-top-column elementor-element elementor-element-4b8ec7e\" data-id=\"4b8ec7e\" data-element_type=\"column\">\n\t\t\t<div class=\"elementor-column-wrap elementor-element-populated\">\n\t\t\t\t\t\t\t<div class=\"elementor-widget-wrap\">\n\t\t\t\t\t\t<section class=\"elementor-section elementor-inner-section elementor-element elementor-element-1b01eb2 elementor-section-boxed elementor-section-height-default elementor-section-height-default\" data-id=\"1b01eb2\" data-element_type=\"section\">\n\t\t\t\t\t\t<div class=\"elementor-container elementor-column-gap-default\">\n\t\t\t\t\t\t\t<div class=\"elementor-row\">\n\t\t\t\t\t<div class=\"elementor-column elementor-col-50 elementor-inner-column elementor-element elementor-element-9396158\" data-id=\"9396158\" data-element_type=\"column\">\n\t\t\t<div class=\"elementor-column-wrap elementor-element-populated\">\n\t\t\t\t\t\t\t<div class=\"elementor-widget-wrap\">\n\t\t\t\t\t\t<div class=\"elementor-element elementor-element-783cdb2 elementor-widget elementor-widget-text-editor\" data-id=\"783cdb2\" data-element_type=\"widget\" data-widget_type=\"text-editor.default\">\n\t\t\t\t<div class=\"elementor-widget-container\">\n\t\t\t\t\t<div class=\"elementor-text-editor elementor-clearfix\"><p style=\"text-align: center;\"><a href=\"https:\/\/dyatrans.com\/servicios\/picking\/\"><strong>Preparaci\u00f3n de Pedidos\/ Picking<\/strong><\/a><\/p><h6 style=\"text-align: center;\"><em><span style=\"color: #808080;\">Recogemos todo tipo de material extrayendo unidades o conjuntos empaquetados de forma mecanizada y\/o manual, dependiendo de cada carga log\u00edstica, optimizando y mejorando la cadena log\u00edstica de su empresa.<\/span><\/em><\/h6><\/div>\n\t\t\t\t<\/div>\n\t\t\t\t<\/div>\n\t\t\t\t\t\t<\/div>\n\t\t\t\t\t<\/div>\n\t\t<\/div>\n\t\t\t\t<div class=\"elementor-column elementor-col-50 elementor-inner-column elementor-element elementor-element-7ebf5de\" data-id=\"7ebf5de\" data-element_type=\"column\">\n\t\t\t<div class=\"elementor-column-wrap elementor-element-populated\">\n\t\t\t\t\t\t\t<div class=\"elementor-widget-wrap\">\n\t\t\t\t\t\t<div class=\"elementor-element elementor-element-1522362 elementor-widget elementor-widget-image\" data-id=\"1522362\" data-element_type=\"widget\" data-widget_type=\"image.default\">\n\t\t\t\t<div class=\"elementor-widget-container\">\n\t\t\t\t\t<div class=\"elementor-image\">\n\t\t\t\t\t\t\t\t\t\t<img loading=\"lazy\" decoding=\"async\" width=\"622\" height=\"413\" src=\"https:\/\/dyatrans.com\/wp-content\/uploads\/2021\/03\/picking-manual.jpg\" class=\"attachment-large size-large\" alt=\"\" srcset=\"https:\/\/dyatrans.com\/wp-content\/uploads\/2021\/03\/picking-manual.jpg 622w, https:\/\/dyatrans.com\/wp-content\/uploads\/2021\/03\/picking-manual-300x199.jpg 300w, https:\/\/dyatrans.com\/wp-content\/uploads\/2021\/03\/picking-manual-90x60.jpg 90w\" sizes=\"auto, (max-width: 622px) 100vw, 622px\" \/>\t\t\t\t\t\t\t\t\t\t\t<\/div>\n\t\t\t\t<\/div>\n\t\t\t\t<\/div>\n\t\t\t\t\t\t<\/div>\n\t\t\t\t\t<\/div>\n\t\t<\/div>\n\t\t\t\t\t\t\t\t<\/div>\n\t\t\t\t\t<\/div>\n\t\t<\/section>\n\t\t\t\t\t\t<\/div>\n\t\t\t\t\t<\/div>\n\t\t<\/div>\n\t\t\t\t\t\t\t\t<\/div>\n\t\t\t\t\t<\/div>\n\t\t<\/section>\n\t\t\t\t<section class=\"elementor-section elementor-top-section elementor-element elementor-element-19a7ed0 elementor-section-boxed elementor-section-height-default elementor-section-height-default\" data-id=\"19a7ed0\" data-element_type=\"section\">\n\t\t\t\t\t\t<div class=\"elementor-container elementor-column-gap-default\">\n\t\t\t\t\t\t\t<div class=\"elementor-row\">\n\t\t\t\t\t<div class=\"elementor-column elementor-col-100 elementor-top-column elementor-element elementor-element-f1b80af\" data-id=\"f1b80af\" data-element_type=\"column\">\n\t\t\t<div class=\"elementor-column-wrap elementor-element-populated\">\n\t\t\t\t\t\t\t<div class=\"elementor-widget-wrap\">\n\t\t\t\t\t\t<section class=\"elementor-section elementor-inner-section elementor-element elementor-element-2d7caf8 elementor-section-boxed elementor-section-height-default elementor-section-height-default\" data-id=\"2d7caf8\" data-element_type=\"section\">\n\t\t\t\t\t\t<div class=\"elementor-container elementor-column-gap-default\">\n\t\t\t\t\t\t\t<div class=\"elementor-row\">\n\t\t\t\t\t<div class=\"elementor-column elementor-col-50 elementor-inner-column elementor-element elementor-element-9d29268\" data-id=\"9d29268\" data-element_type=\"column\">\n\t\t\t<div class=\"elementor-column-wrap elementor-element-populated\">\n\t\t\t\t\t\t\t<div class=\"elementor-widget-wrap\">\n\t\t\t\t\t\t<div class=\"elementor-element elementor-element-16b661c elementor-widget__width-initial elementor-widget elementor-widget-text-editor\" data-id=\"16b661c\" data-element_type=\"widget\" data-widget_type=\"text-editor.default\">\n\t\t\t\t<div class=\"elementor-widget-container\">\n\t\t\t\t\t<div class=\"elementor-text-editor elementor-clearfix\"><p style=\"text-align: center;\"><a href=\"https:\/\/dyatrans.com\/servicios\/control-de-stocks\/\"><strong>Control de Stocks<\/strong><\/a><\/p><h6 style=\"text-align: center;\"><span style=\"color: #808080;\"><em>Controlamos el stock con toda la tecnolog\u00eda actual para minimizar riesgos, ofreciendo un servicio integral de almacenaje.<\/em><\/span><\/h6><\/div>\n\t\t\t\t<\/div>\n\t\t\t\t<\/div>\n\t\t\t\t<div class=\"elementor-element elementor-element-d52b00d elementor-widget elementor-widget-text-editor\" data-id=\"d52b00d\" data-element_type=\"widget\" data-widget_type=\"text-editor.default\">\n\t\t\t\t<div class=\"elementor-widget-container\">\n\t\t\t\t\t<div class=\"elementor-text-editor elementor-clearfix\"><\/div>\n\t\t\t\t<\/div>\n\t\t\t\t<\/div>\n\t\t\t\t\t\t<\/div>\n\t\t\t\t\t<\/div>\n\t\t<\/div>\n\t\t\t\t<div class=\"elementor-column elementor-col-50 elementor-inner-column elementor-element elementor-element-23b9e52\" data-id=\"23b9e52\" data-element_type=\"column\">\n\t\t\t<div class=\"elementor-column-wrap elementor-element-populated\">\n\t\t\t\t\t\t\t<div class=\"elementor-widget-wrap\">\n\t\t\t\t\t\t<div class=\"elementor-element elementor-element-cf4dd48 elementor-widget elementor-widget-image\" data-id=\"cf4dd48\" data-element_type=\"widget\" data-widget_type=\"image.default\">\n\t\t\t\t<div class=\"elementor-widget-container\">\n\t\t\t\t\t<div class=\"elementor-image\">\n\t\t\t\t\t\t\t\t\t\t<img loading=\"lazy\" decoding=\"async\" width=\"300\" height=\"226\" src=\"https:\/\/dyatrans.com\/wp-content\/uploads\/2021\/03\/Control-de-stock-300x226.jpg\" class=\"attachment-medium size-medium\" alt=\"\" srcset=\"https:\/\/dyatrans.com\/wp-content\/uploads\/2021\/03\/Control-de-stock-300x226.jpg 300w, https:\/\/dyatrans.com\/wp-content\/uploads\/2021\/03\/Control-de-stock-80x60.jpg 80w, https:\/\/dyatrans.com\/wp-content\/uploads\/2021\/03\/Control-de-stock.jpg 396w\" sizes=\"auto, (max-width: 300px) 100vw, 300px\" \/>\t\t\t\t\t\t\t\t\t\t\t<\/div>\n\t\t\t\t<\/div>\n\t\t\t\t<\/div>\n\t\t\t\t\t\t<\/div>\n\t\t\t\t\t<\/div>\n\t\t<\/div>\n\t\t\t\t\t\t\t\t<\/div>\n\t\t\t\t\t<\/div>\n\t\t<\/section>\n\t\t\t\t\t\t<\/div>\n\t\t\t\t\t<\/div>\n\t\t<\/div>\n\t\t\t\t\t\t\t\t<\/div>\n\t\t\t\t\t<\/div>\n\t\t<\/section>\n\t\t\t\t<section class=\"elementor-section elementor-top-section elementor-element elementor-element-2449d1a elementor-section-boxed elementor-section-height-default elementor-section-height-default\" data-id=\"2449d1a\" data-element_type=\"section\">\n\t\t\t\t\t\t<div class=\"elementor-container elementor-column-gap-default\">\n\t\t\t\t\t\t\t<div class=\"elementor-row\">\n\t\t\t\t\t<div class=\"elementor-column elementor-col-100 elementor-top-column elementor-element elementor-element-3776bae\" data-id=\"3776bae\" data-element_type=\"column\">\n\t\t\t<div class=\"elementor-column-wrap elementor-element-populated\">\n\t\t\t\t\t\t\t<div class=\"elementor-widget-wrap\">\n\t\t\t\t\t\t<section class=\"elementor-section elementor-inner-section elementor-element elementor-element-723d6cc elementor-section-boxed elementor-section-height-default elementor-section-height-default\" data-id=\"723d6cc\" data-element_type=\"section\">\n\t\t\t\t\t\t<div class=\"elementor-container elementor-column-gap-default\">\n\t\t\t\t\t\t\t<div class=\"elementor-row\">\n\t\t\t\t\t<div class=\"elementor-column elementor-col-50 elementor-inner-column elementor-element elementor-element-38ca32f\" data-id=\"38ca32f\" data-element_type=\"column\">\n\t\t\t<div class=\"elementor-column-wrap elementor-element-populated\">\n\t\t\t\t\t\t\t<div class=\"elementor-widget-wrap\">\n\t\t\t\t\t\t<div class=\"elementor-element elementor-element-f59bf74 elementor-widget elementor-widget-text-editor\" data-id=\"f59bf74\" data-element_type=\"widget\" data-widget_type=\"text-editor.default\">\n\t\t\t\t<div class=\"elementor-widget-container\">\n\t\t\t\t\t<div class=\"elementor-text-editor elementor-clearfix\"><p style=\"text-align: center;\"><a href=\"https:\/\/dyatrans.com\/servicios\/deposito-aduanero\/\"><span style=\"font-weight: bolder;\">Dep\u00f3sito Aduanero<\/span><\/a><\/p><h6 style=\"text-align: center;\"><span style=\"color: #808080;\"><em>Consolidamos cualquier tipo de contenedor de importaci\u00f3n o exportaci\u00f3n, en Dep\u00f3sito\u00a0Franco o Despacho a consumo.<\/em><\/span><\/h6><\/div>\n\t\t\t\t<\/div>\n\t\t\t\t<\/div>\n\t\t\t\t\t\t<\/div>\n\t\t\t\t\t<\/div>\n\t\t<\/div>\n\t\t\t\t<div class=\"elementor-column elementor-col-50 elementor-inner-column elementor-element elementor-element-6d20264\" data-id=\"6d20264\" data-element_type=\"column\">\n\t\t\t<div class=\"elementor-column-wrap elementor-element-populated\">\n\t\t\t\t\t\t\t<div class=\"elementor-widget-wrap\">\n\t\t\t\t\t\t<div class=\"elementor-element elementor-element-ab74ac6 elementor-widget elementor-widget-image\" data-id=\"ab74ac6\" data-element_type=\"widget\" data-widget_type=\"image.default\">\n\t\t\t\t<div class=\"elementor-widget-container\">\n\t\t\t\t\t<div class=\"elementor-image\">\n\t\t\t\t\t\t\t\t\t\t<img loading=\"lazy\" decoding=\"async\" width=\"300\" height=\"208\" src=\"https:\/\/dyatrans.com\/wp-content\/uploads\/2021\/03\/deposito-aduanero-300x208.jpg\" class=\"attachment-medium size-medium\" alt=\"\" srcset=\"https:\/\/dyatrans.com\/wp-content\/uploads\/2021\/03\/deposito-aduanero-300x208.jpg 300w, https:\/\/dyatrans.com\/wp-content\/uploads\/2021\/03\/deposito-aduanero-87x60.jpg 87w, https:\/\/dyatrans.com\/wp-content\/uploads\/2021\/03\/deposito-aduanero.jpg 588w\" sizes=\"auto, (max-width: 300px) 100vw, 300px\" \/>\t\t\t\t\t\t\t\t\t\t\t<\/div>\n\t\t\t\t<\/div>\n\t\t\t\t<\/div>\n\t\t\t\t\t\t<\/div>\n\t\t\t\t\t<\/div>\n\t\t<\/div>\n\t\t\t\t\t\t\t\t<\/div>\n\t\t\t\t\t<\/div>\n\t\t<\/section>\n\t\t\t\t\t\t<\/div>\n\t\t\t\t\t<\/div>\n\t\t<\/div>\n\t\t\t\t\t\t\t\t<\/div>\n\t\t\t\t\t<\/div>\n\t\t<\/section>\n\t\t\t\t<section class=\"elementor-section elementor-top-section elementor-element elementor-element-d56b6ed elementor-section-boxed elementor-section-height-default elementor-section-height-default\" data-id=\"d56b6ed\" data-element_type=\"section\">\n\t\t\t\t\t\t<div class=\"elementor-container elementor-column-gap-default\">\n\t\t\t\t\t\t\t<div class=\"elementor-row\">\n\t\t\t\t\t<div class=\"elementor-column elementor-col-100 elementor-top-column elementor-element elementor-element-5a6f60f\" data-id=\"5a6f60f\" data-element_type=\"column\">\n\t\t\t<div class=\"elementor-column-wrap elementor-element-populated\">\n\t\t\t\t\t\t\t<div class=\"elementor-widget-wrap\">\n\t\t\t\t\t\t<div class=\"elementor-element elementor-element-d3f5ca1 elementor-widget__width-initial elementor-widget elementor-widget-text-editor\" data-id=\"d3f5ca1\" data-element_type=\"widget\" data-widget_type=\"text-editor.default\">\n\t\t\t\t<div class=\"elementor-widget-container\">\n\t\t\t\t\t<div class=\"elementor-text-editor elementor-clearfix\"><p style=\"text-align: center;\"><a href=\"https:\/\/dyatrans.com\/servicios\/transporte-aeroportuario\/\"><strong>Transporte<\/strong><\/a><\/p><h6 style=\"text-align: center;\"><em><span style=\"color: #808080;\">Gestionamos las entregas y recogidas de sus pedidos en ambos puntos log\u00edsticos y somos especialistas en ello.<\/span><\/em><\/h6><h6 style=\"text-align: center;\"><em><span style=\"color: #808080;\">Tambi\u00e9n ofrecemos otros tipos de transportes: Cargas\u00a0completas,\u00a0Grupajes,\u00a0Transporte local y nacional, convencional, Servicio Express,\u00a0Transporte de Contenedores y Ecommerce.<\/span><\/em><\/h6><\/div>\n\t\t\t\t<\/div>\n\t\t\t\t<\/div>\n\t\t\t\t<div class=\"elementor-element elementor-element-d479479 elementor-widget__width-initial elementor-widget elementor-widget-image\" data-id=\"d479479\" data-element_type=\"widget\" data-widget_type=\"image.default\">\n\t\t\t\t<div class=\"elementor-widget-container\">\n\t\t\t\t\t<div class=\"elementor-image\">\n\t\t\t\t\t\t\t\t\t\t<img loading=\"lazy\" decoding=\"async\" width=\"300\" height=\"146\" src=\"https:\/\/dyatrans.com\/wp-content\/uploads\/2021\/03\/pagina-inicio-300x146.jpeg\" class=\"attachment-medium size-medium\" alt=\"\" srcset=\"https:\/\/dyatrans.com\/wp-content\/uploads\/2021\/03\/pagina-inicio-300x146.jpeg 300w, https:\/\/dyatrans.com\/wp-content\/uploads\/2021\/03\/pagina-inicio-768x375.jpeg 768w, https:\/\/dyatrans.com\/wp-content\/uploads\/2021\/03\/pagina-inicio-123x60.jpeg 123w, https:\/\/dyatrans.com\/wp-content\/uploads\/2021\/03\/pagina-inicio.jpeg 1024w\" sizes=\"auto, (max-width: 300px) 100vw, 300px\" \/>\t\t\t\t\t\t\t\t\t\t\t<\/div>\n\t\t\t\t<\/div>\n\t\t\t\t<\/div>\n\t\t\t\t\t\t<\/div>\n\t\t\t\t\t<\/div>\n\t\t<\/div>\n\t\t\t\t\t\t\t\t<\/div>\n\t\t\t\t\t<\/div>\n\t\t<\/section>\n\t\t\t\t<section class=\"elementor-section elementor-top-section elementor-element elementor-element-a4d9ba2 elementor-section-boxed elementor-section-height-default elementor-section-height-default\" data-id=\"a4d9ba2\" data-element_type=\"section\">\n\t\t\t\t\t\t<div class=\"elementor-container elementor-column-gap-default\">\n\t\t\t\t\t\t\t<div class=\"elementor-row\">\n\t\t\t\t\t<div class=\"elementor-column elementor-col-100 elementor-top-column elementor-element elementor-element-68eaa89\" data-id=\"68eaa89\" data-element_type=\"column\">\n\t\t\t<div class=\"elementor-column-wrap elementor-element-populated\">\n\t\t\t\t\t\t\t<div class=\"elementor-widget-wrap\">\n\t\t\t\t\t\t<section class=\"elementor-section elementor-inner-section elementor-element elementor-element-bd77bc9 elementor-section-full_width elementor-section-height-default elementor-section-height-default\" data-id=\"bd77bc9\" data-element_type=\"section\">\n\t\t\t\t\t\t<div class=\"elementor-container elementor-column-gap-default\">\n\t\t\t\t\t\t\t<div class=\"elementor-row\">\n\t\t\t\t\t<div class=\"elementor-column elementor-col-66 elementor-inner-column elementor-element elementor-element-cf3cfc7\" data-id=\"cf3cfc7\" data-element_type=\"column\">\n\t\t\t<div class=\"elementor-column-wrap elementor-element-populated\">\n\t\t\t\t\t\t\t<div class=\"elementor-widget-wrap\">\n\t\t\t\t\t\t<div class=\"elementor-element elementor-element-7a3d31e elementor-widget elementor-widget-text-editor\" data-id=\"7a3d31e\" data-element_type=\"widget\" data-widget_type=\"text-editor.default\">\n\t\t\t\t<div class=\"elementor-widget-container\">\n\t\t\t\t\t<div class=\"elementor-text-editor elementor-clearfix\"><h5><a href=\"https:\/\/dyatrans.com\/servicios\/almacen-aduanero\/\"><strong>Almacenaje de Mercanc\u00edas<\/strong><\/a><\/h5><h6><span style=\"color: #808080;\"><em>Ofrecemos un servicio eficaz y fiable gracias a nuestros avanzados equipos que permiten minimizar los tiempos de manipulaci\u00f3n y almacenamiento.<\/em><\/span><\/h6><\/div>\n\t\t\t\t<\/div>\n\t\t\t\t<\/div>\n\t\t\t\t\t\t<\/div>\n\t\t\t\t\t<\/div>\n\t\t<\/div>\n\t\t\t\t<div class=\"elementor-column elementor-col-33 elementor-inner-column elementor-element elementor-element-4076786\" data-id=\"4076786\" data-element_type=\"column\">\n\t\t\t<div class=\"elementor-column-wrap elementor-element-populated\">\n\t\t\t\t\t\t\t<div class=\"elementor-widget-wrap\">\n\t\t\t\t\t\t<div class=\"elementor-element elementor-element-4e1c4f0 elementor-widget elementor-widget-image\" data-id=\"4e1c4f0\" data-element_type=\"widget\" data-widget_type=\"image.default\">\n\t\t\t\t<div class=\"elementor-widget-container\">\n\t\t\t\t\t<div class=\"elementor-image\">\n\t\t\t\t\t\t\t\t\t\t<img loading=\"lazy\" decoding=\"async\" width=\"300\" height=\"226\" src=\"https:\/\/dyatrans.com\/wp-content\/uploads\/2021\/03\/almacen-300x226.jpeg\" class=\"attachment-medium size-medium\" alt=\"\" srcset=\"https:\/\/dyatrans.com\/wp-content\/uploads\/2021\/03\/almacen-300x226.jpeg 300w, https:\/\/dyatrans.com\/wp-content\/uploads\/2021\/03\/almacen-768x578.jpeg 768w, https:\/\/dyatrans.com\/wp-content\/uploads\/2021\/03\/almacen.jpeg 1024w\" sizes=\"auto, (max-width: 300px) 100vw, 300px\" \/>\t\t\t\t\t\t\t\t\t\t\t<\/div>\n\t\t\t\t<\/div>\n\t\t\t\t<\/div>\n\t\t\t\t\t\t<\/div>\n\t\t\t\t\t<\/div>\n\t\t<\/div>\n\t\t\t\t\t\t\t\t<\/div>\n\t\t\t\t\t<\/div>\n\t\t<\/section>\n\t\t\t\t\t\t<\/div>\n\t\t\t\t\t<\/div>\n\t\t<\/div>\n\t\t\t\t\t\t\t\t<\/div>\n\t\t\t\t\t<\/div>\n\t\t<\/section>\n\t\t\t\t\t\t<\/div>\n\t\t\t\t\t\t<\/div>\n\t\t\t\t\t<\/div>\n\t\t","protected":false},"excerpt":{"rendered":"<p>SERVICIOS Manipulaci\u00f3n de Mercanc\u00edas Tratamos minuciosamente las cargas y descargas de todo tipo de mercanc\u00eda para su posterior fase log\u00edstica dentro de la cadena de suministro interna de su empresa. Preparaci\u00f3n de Pedidos\/ Picking Recogemos todo tipo de material extrayendo unidades o conjuntos empaquetados de forma mecanizada y\/o manual, dependiendo de cada carga log\u00edstica, optimizando &hellip; <\/p>\n","protected":false},"author":1,"featured_media":76,"parent":6,"menu_order":0,"comment_status":"closed","ping_status":"closed","template":"","meta":{"footnotes":""},"class_list":["post-8","page","type-page","status-publish","has-post-thumbnail","hentry"],"_links":{"self":[{"href":"https:\/\/dyatrans.com\/index.php?rest_route=\/wp\/v2\/pages\/8","targetHints":{"allow":["GET"]}}],"collection":[{"href":"https:\/\/dyatrans.com\/index.php?rest_route=\/wp\/v2\/pages"}],"about":[{"href":"https:\/\/dyatrans.com\/index.php?rest_route=\/wp\/v2\/types\/page"}],"author":[{"embeddable":true,"href":"https:\/\/dyatrans.com\/index.php?rest_route=\/wp\/v2\/users\/1"}],"replies":[{"embeddable":true,"href":"https:\/\/dyatrans.com\/index.php?rest_route=%2Fwp%2Fv2%2Fcomments&post=8"}],"version-history":[{"count":80,"href":"https:\/\/dyatrans.com\/index.php?rest_route=\/wp\/v2\/pages\/8\/revisions"}],"predecessor-version":[{"id":526,"href":"https:\/\/dyatrans.com\/index.php?rest_route=\/wp\/v2\/pages\/8\/revisions\/526"}],"up":[{"embeddable":true,"href":"https:\/\/dyatrans.com\/index.php?rest_route=\/wp\/v2\/pages\/6"}],"wp:featuredmedia":[{"embeddable":true,"href":"https:\/\/dyatrans.com\/index.php?rest_route=\/wp\/v2\/media\/76"}],"wp:attachment":[{"href":"https:\/\/dyatrans.com\/index.php?rest_route=%2Fwp%2Fv2%2Fmedia&parent=8"}],"curies":[{"name":"wp","href":"https:\/\/api.w.org\/{rel}","templated":true}]}}